{"id":9766,"date":"2011-05-25T16:37:50","date_gmt":"2011-05-25T13:37:50","guid":{"rendered":"http:\/\/www.kayiprihtim.org\/portal\/"},"modified":"2011-05-25T16:38:42","modified_gmt":"2011-05-25T13:38:42","slug":"disi-aslanin-sarkisi","status":"publish","type":"page","link":"https:\/\/www.kayiprihtim.org\/portal\/kitaplar\/disi-aslanin-sarkisi\/","title":{"rendered":"Di\u015fi Aslan\u0131n \u015eark\u0131s\u0131"},"content":{"rendered":"<table style=\"border: thin outset; border-collapse: collapse; height: 30px; width: 470px;\" border=\"0\" cellpadding=\"2\">\n<tbody>\n<tr>\n<td width=\"30%\" bgcolor=\"#330000\"><span style=\"color: #ffffff;\"><span style=\"font-family: Verdana;\"><a name=\"1\"><\/a><strong>ALANNA \u0130lk Ser\u00fcven<br \/>\n<\/strong><\/span><\/span><\/td>\n<\/tr>\n<\/tbody>\n<\/table>\n<table style=\"border-collapse: collapse; width: 462px; height: 250px;\" border=\"0\" cellspacing=\"0\" cellpadding=\"0\" bordercolor=\"#111111\">\n<tbody>\n<tr>\n<td width=\"58%\" align=\"center\" valign=\"top\">\n<table style=\"border-collapse: collapse; width: 315px; height: 248px;\" border=\"0\" cellspacing=\"2\">\n<tbody>\n<tr>\n<td width=\"100%\" align=\"right\">\n<table style=\"width: 310px; height: 88px;\" border=\"0\" cellspacing=\"0\">\n<tbody>\n<tr bgcolor=\"#D1C4A5\">\n<td width=\"39%\"><strong>Yazar<\/strong><\/td>\n<td width=\"3%\">:<\/td>\n<td width=\"51%\">Tamora Pierce<\/td>\n<\/tr>\n<tr bgcolor=\"#E4DDCB\">\n<td><strong>\u00c7eviri<\/strong><\/td>\n<td width=\"3%\">:<\/td>\n<td width=\"51%\">Emre Y\u0131lmaz<\/td>\n<\/tr>\n<tr bgcolor=\"#D1C4A5\">\n<td width=\"39%\"><strong>\u00d6zg\u00fcn Ad\u0131<\/strong><\/td>\n<td width=\"3%\">:<\/td>\n<td width=\"51%\"><span style=\"font-size: xx-small;\"><span style=\"font-size: x-small;\">The Song of the Lioness<\/span> \/ <\/span><span style=\"font-size: xx-small;\">Alanna<\/span><\/td>\n<\/tr>\n<tr bgcolor=\"#E4DDCB\">\n<td width=\"39%\"><strong>Edit\u00f6r<\/strong><\/td>\n<td width=\"3%\">:<\/td>\n<td width=\"51%\">Didem Bay\u0131nd\u0131r Yenici<\/td>\n<\/tr>\n<\/tbody>\n<\/table>\n<\/td>\n<\/tr>\n<tr>\n<td style=\"border-style: solid ridge ridge; border-width: 1px; padding-left: 4px; padding-right: 4px;\" width=\"100%\" bgcolor=\"#C0B18D\"><strong><span style=\"font-size: 9pt; font-family: Tahoma;\">Epsilon Yay\u0131nevi<br \/>\n<\/span><\/strong><\/td>\n<\/tr>\n<tr>\n<td width=\"100%\" align=\"right\">\n<table style=\"width: 310px; height: 88px;\" border=\"0\" cellspacing=\"0\">\n<tbody>\n<tr bgcolor=\"#E4DDCB\">\n<td width=\"39%\"><strong>\u00c7\u0131k\u0131\u015f Tarihi<\/strong><\/td>\n<td width=\"3%\">:<\/td>\n<td width=\"51%\">May\u0131s, 2011<\/td>\n<\/tr>\n<tr bgcolor=\"#D1C4A5\">\n<td><strong>Sayfa Say\u0131s\u0131<\/strong><\/td>\n<td width=\"3%\">:<\/td>\n<td width=\"51%\">200<\/td>\n<\/tr>\n<tr bgcolor=\"#E4DDCB\">\n<td width=\"39%\"><strong>Fiyat\u0131<\/strong><\/td>\n<td width=\"3%\">:<\/td>\n<td width=\"51%\">12,50TL<\/td>\n<\/tr>\n<tr bgcolor=\"#D1C4A5\">\n<td width=\"39%\"><strong>ISBN No<\/strong><\/td>\n<td width=\"3%\">:<\/td>\n<td width=\"51%\">9789944824156<\/td>\n<\/tr>\n<\/tbody>\n<\/table>\n<\/td>\n<\/tr>\n<\/tbody>\n<\/table>\n<\/td>\n<td width=\"39%\" align=\"left\" valign=\"top\">\n<p style=\"text-align: center;\">\n<p style=\"text-align: center;\"><a href=\"https:\/\/www.kayiprihtim.org\/portal\/gorsel\/disi-aslanin-sarkisi-allana.jpg\" target=\"_blank\"><img decoding=\"async\" class=\"aligncenter\" src=\"https:\/\/www.kayiprihtim.org\/portal\/gorsel\/disi-aslanin-sarkisi-allana.jpg\" border=\"0\" alt=\"\" hspace=\"1\" width=\"140\" height=\"219\"><\/a><\/p>\n<\/td>\n<\/tr>\n<\/tbody>\n<\/table>\n<table style=\"border-collapse: collapse; width: 47%;\" border=\"0\" cellpadding=\"0\">\n<tbody>\n<tr>\n<td width=\"54%\">\n<table style=\"border-collapse: collapse; height: 147px; width: 470px;\" border=\"0\" cellspacing=\"0\" cellpadding=\"2\">\n<tbody>\n<tr>\n<td style=\"border-style: solid ridge ridge; border-width: 1px; padding-left: 4px; padding-right: 4px;\" width=\"98%\" bgcolor=\"#C0B18D\"><strong><span style=\"font-size: 9pt; font-family: Tahoma;\">Tan\u0131t\u0131m Yaz\u0131s\u0131<\/span><\/strong><\/td>\n<\/tr>\n<tr>\n<td width=\"99%\" align=\"left\">\n<table style=\"width: 465px;\" border=\"0\">\n<tbody>\n<tr>\n<td style=\"border-style: outset; border-width: 1px;\" width=\"96%\" bgcolor=\"#D1C4A5\">\n<table style=\"border-collapse: collapse; width: 452px; height: 199px;\" border=\"0\" cellspacing=\"0\" cellpadding=\"5\" bgcolor=\"#D1C4A5\" bordercolor=\"#D1C4A5\">\n<tbody>\n<tr>\n<td width=\"96%\" bgcolor=\"#D1C4A5\">Trebond&#8217;lu Alanna bunlar\u0131 s\u00f6yleyerek \u015f\u00f6valyelik ser\u00fcvenine ba\u015flar. K\u0131z  olmas\u0131na ra\u011fmen macera pe\u015finde ko\u015fan Alanna \u015f\u00f6valyelik izni sadece erkek  \u00e7ocuklar\u0131na verildi\u011fi halde \u015f\u00f6valyeli\u011fe \u00f6zlem duyarken; ikiz erkek  karde\u015fi Thom b\u00fcy\u00fc sanat\u0131n\u0131 \u00f6\u011frenmeyi arzu eder. B\u00f6ylece iki karde\u015f bir  g\u00fcn yer de\u011fi\u015ftirmeye karar verir: K\u0131z karde\u015finin k\u0131l\u0131\u011f\u0131na giren Thom  b\u00fcy\u00fcc\u00fcl\u00fck \u00f6\u011frenmek \u00fczere manast\u0131ra; erkek karde\u015fi Thom&#8217;un k\u0131l\u0131\u011f\u0131na giren  Alanna ise \u00e7\u00f6mez \u015f\u00f6valye e\u011fitimine ba\u015flayaca\u011f\u0131 Kral Roald&#8217;\u0131n kalesine  gider.<\/p>\n<p>Ancak \u015f\u00f6valyeli\u011fe giden yol hi\u00e7 de kolay de\u011fildir. Sava\u015f  i\u00e7in gerekli becerileri edinen Alanna, ayn\u0131 zamanda duygular\u0131n\u0131 kontrol  edip dostunun ve d\u00fc\u015fman\u0131n\u0131n kim oldu\u011funu ay\u0131rt etmeyi de \u00f6\u011frenmelidir.<\/p>\n<p>Alanna&#8217;n\u0131n  k\u0131l\u0131\u00e7 ve b\u00fcy\u00fcyle, macera ve kumpaslarla, iyi ve k\u00f6t\u00fcyle dolu ilk  ser\u00fcveni ba\u015flar. Onu kendi topraklar\u0131nda bir efsane yapacak b\u00fcy\u00fcl\u00fc  kaderini ve r\u00fcyalar\u0131n\u0131 ger\u00e7ekle\u015ftirmesinin ilk ad\u0131m\u0131 olan bu ilk  ser\u00fcveni b\u00fcy\u00fck bir heyecanla okuyacaks\u0131n\u0131z.<\/td>\n<\/tr>\n<\/tbody>\n<\/table>\n<\/td>\n<\/tr>\n<\/tbody>\n<\/table>\n<\/td>\n<\/tr>\n<\/tbody>\n<\/table>\n<\/td>\n<\/tr>\n<\/tbody>\n<\/table>\n","protected":false},"excerpt":{"rendered":"<p>ALANNA \u0130lk Ser\u00fcven Yazar : Tamora Pierce \u00c7eviri : Emre Y\u0131lmaz \u00d6zg\u00fcn Ad\u0131 : The Song of the Lioness \/ Alanna Edit\u00f6r : Didem Bay\u0131nd\u0131r Yenici Epsilon Yay\u0131nevi \u00c7\u0131k\u0131\u015f Tarihi : May\u0131s, 2011 Sayfa Say\u0131s\u0131 : 200 Fiyat\u0131 : 12,50TL ISBN No : 9789944824156 Tan\u0131t\u0131m Yaz\u0131s\u0131 Trebond&#8217;lu Alanna bunlar\u0131 s\u00f6yleyerek \u015f\u00f6valyelik ser\u00fcvenine ba\u015flar. K\u0131z olmas\u0131na [&hellip;]<\/p>\n","protected":false},"author":1,"featured_media":0,"parent":57,"menu_order":0,"comment_status":"open","ping_status":"closed","template":"","meta":{"_acf_changed":false,"footnotes":""},"class_list":["post-9766","page","type-page","status-publish"],"acf":[],"_links":{"self":[{"href":"https:\/\/www.kayiprihtim.org\/portal\/wp-json\/wp\/v2\/pages\/9766","targetHints":{"allow":["GET"]}}],"collection":[{"href":"https:\/\/www.kayiprihtim.org\/portal\/wp-json\/wp\/v2\/pages"}],"about":[{"href":"https:\/\/www.kayiprihtim.org\/portal\/wp-json\/wp\/v2\/types\/page"}],"author":[{"embeddable":true,"href":"https:\/\/www.kayiprihtim.org\/portal\/wp-json\/wp\/v2\/users\/1"}],"replies":[{"embeddable":true,"href":"https:\/\/www.kayiprihtim.org\/portal\/wp-json\/wp\/v2\/comments?post=9766"}],"version-history":[{"count":0,"href":"https:\/\/www.kayiprihtim.org\/portal\/wp-json\/wp\/v2\/pages\/9766\/revisions"}],"up":[{"embeddable":true,"href":"https:\/\/www.kayiprihtim.org\/portal\/wp-json\/wp\/v2\/pages\/57"}],"wp:attachment":[{"href":"https:\/\/www.kayiprihtim.org\/portal\/wp-json\/wp\/v2\/media?parent=9766"}],"curies":[{"name":"wp","href":"https:\/\/api.w.org\/{rel}","templated":true}]}}