{"id":9972,"date":"2011-06-04T13:32:56","date_gmt":"2011-06-04T10:32:56","guid":{"rendered":"http:\/\/www.kayiprihtim.org\/portal\/"},"modified":"2022-07-26T18:08:51","modified_gmt":"2022-07-26T15:08:51","slug":"404-sayfa-bulunamadi","status":"publish","type":"page","link":"https:\/\/www.kayiprihtim.org\/portal\/404-sayfa-bulunamadi\/","title":{"rendered":"Kay\u0131p R\u0131ht\u0131m&#8217;da Kayboldunuz!"},"content":{"rendered":"<p style=\"text-align: center;\">\n<p style=\"text-align: center;\"><span style=\"font-size: large;\"><strong><span style=\"font-family: helvetica;\">hani olmaz ya, belki bana kat\u0131lmak istemezsin. bu durumda se\u00e7eneklerin;<\/span><\/strong><\/span><\/p>\n<p style=\"text-align: center;\"><span style=\"font-size: large; font-family: helvetica;\"><strong><a href=\"https:\/\/www.kayiprihtim.org\/portal\/\"><span style=\"font-size: x-large; color: #993300;\">ana sayfaya<\/span><\/a> <\/strong>d\u00f6nmek,<\/span><\/p>\n<p style=\"text-align: center;\"><span style=\"font-size: large; font-family: helvetica;\"><strong><a href=\"https:\/\/www.kayiprihtim.org\/portal\/inceleme\/\"><span style=\"font-size: x-large; color: #993300;\">incelemelere<\/span><\/a> <\/strong>g\u00f6z atmak,<\/span><\/p>\n<p style=\"text-align: center;\"><span style=\"font-size: large; font-family: helvetica;\"><strong><a href=\"https:\/\/www.kayiprihtim.org\/portal\/kitap\"><span style=\"font-size: x-large; color: #993300;\">kitap k\u00fcnyelerine<\/span><\/a> <\/strong>bakmak,<\/span><\/p>\n<p style=\"text-align: center;\"><span style=\"font-family: helvetica; font-size: large;\"><a href=\"https:\/\/www.kayiprihtim.org\/portal\/roportajlar\/\"><span style=\"font-size: x-large; color: #993300;\"><strong>r\u00f6portajlar\u0131<\/strong><\/span><\/a> okumak,<\/span><\/p>\n<p style=\"text-align: center;\"><span style=\"font-family: helvetica; font-size: large;\"><a href=\"https:\/\/www.kayiprihtim.org\/forum\/index.php\"><span style=\"font-size: x-large; color: #993300;\"><strong>forumlarda<\/strong><\/span><\/a> tart\u0131\u015fmalara kat\u0131lmak,<\/span><\/p>\n<p style=\"text-align: center;\"><span style=\"font-family: helvetica; font-size: large;\"><a href=\"http:\/\/oyku.kayiprihtim.org\/\" rel=\"nofollow noopener\" target=\"_blank\"><span style=\"font-size: x-large; color: #993300;\"><strong>\u00f6yk\u00fc se\u00e7kisindeki<\/strong><\/span><\/a> hik\u00e2yeleri okumak,<br \/>\n<\/span><\/p>\n<p style=\"text-align: center;\"><span style=\"font-size: large; font-family: helvetica;\"><strong>vb. bilimum \u015fey&#8230;<\/strong><\/span><\/p>\n","protected":false},"excerpt":{"rendered":"<p>hani olmaz ya, belki bana kat\u0131lmak istemezsin. bu durumda se\u00e7eneklerin; ana sayfaya d\u00f6nmek, incelemelere g\u00f6z atmak, kitap k\u00fcnyelerine bakmak, r\u00f6portajlar\u0131 okumak, forumlarda tart\u0131\u015fmalara kat\u0131lmak, \u00f6yk\u00fc se\u00e7kisindeki hik\u00e2yeleri okumak, vb. bilimum \u015fey&#8230;<\/p>\n","protected":false},"author":1,"featured_media":0,"parent":0,"menu_order":0,"comment_status":"closed","ping_status":"closed","template":"fullwidth.php","meta":{"_acf_changed":false,"footnotes":""},"class_list":["post-9972","page","type-page","status-publish"],"acf":[],"_links":{"self":[{"href":"https:\/\/www.kayiprihtim.org\/portal\/wp-json\/wp\/v2\/pages\/9972","targetHints":{"allow":["GET"]}}],"collection":[{"href":"https:\/\/www.kayiprihtim.org\/portal\/wp-json\/wp\/v2\/pages"}],"about":[{"href":"https:\/\/www.kayiprihtim.org\/portal\/wp-json\/wp\/v2\/types\/page"}],"author":[{"embeddable":true,"href":"https:\/\/www.kayiprihtim.org\/portal\/wp-json\/wp\/v2\/users\/1"}],"replies":[{"embeddable":true,"href":"https:\/\/www.kayiprihtim.org\/portal\/wp-json\/wp\/v2\/comments?post=9972"}],"version-history":[{"count":0,"href":"https:\/\/www.kayiprihtim.org\/portal\/wp-json\/wp\/v2\/pages\/9972\/revisions"}],"wp:attachment":[{"href":"https:\/\/www.kayiprihtim.org\/portal\/wp-json\/wp\/v2\/media?parent=9972"}],"curies":[{"name":"wp","href":"https:\/\/api.w.org\/{rel}","templated":true}]}}